{"id":976,"date":"2025-03-03T15:16:47","date_gmt":"2025-03-03T20:16:47","guid":{"rendered":"https:\/\/mats-tapisnb.com\/about-us\/mission\/"},"modified":"2025-06-06T21:46:45","modified_gmt":"2025-06-07T01:46:45","slug":"mission","status":"publish","type":"page","link":"https:\/\/mats-tapisnb.com\/fr\/about-us\/mission\/","title":{"rendered":"Mission"},"content":{"rendered":"<p><div class=\"fusion-fullwidth fullwidth-box fusion-builder-row-1 fusion-flex-container has-pattern-background has-mask-background nonhundred-percent-fullwidth non-hundred-percent-height-scrolling\" style=\"--awb-border-radius-top-left:0px;--awb-border-radius-top-right:0px;--awb-border-radius-bottom-right:0px;--awb-border-radius-bottom-left:0px;--awb-flex-wrap:wrap;\" ><div class=\"fusion-builder-row fusion-row fusion-flex-align-items-flex-start fusion-flex-content-wrap\" style=\"max-width:1159.6px;margin-left: calc(-4% \/ 2 );margin-right: calc(-4% \/ 2 );\"><div class=\"fusion-layout-column fusion_builder_column fusion-builder-column-0 fusion_builder_column_1_1 1_1 fusion-flex-column\" style=\"--awb-bg-size:cover;--awb-width-large:100%;--awb-margin-top-large:0px;--awb-spacing-right-large:1.92%;--awb-margin-bottom-large:20px;--awb-spacing-left-large:1.92%;--awb-width-medium:100%;--awb-order-medium:0;--awb-spacing-right-medium:1.92%;--awb-spacing-left-medium:1.92%;--awb-width-small:100%;--awb-order-small:0;--awb-spacing-right-small:1.92%;--awb-spacing-left-small:1.92%;\"><div class=\"fusion-column-wrapper fusion-column-has-shadow fusion-flex-justify-content-flex-start fusion-content-layout-column\"><div class=\"fusion-title title fusion-title-1 fusion-sep-none fusion-title-text fusion-title-size-two\"><h2 class=\"fusion-title-heading title-heading-left\" style=\"margin:0;\">Mission<\/h2><\/div><\/div><\/div><\/div><\/div><div class=\"fusion-fullwidth fullwidth-box fusion-builder-row-2 fusion-flex-container has-pattern-background has-mask-background nonhundred-percent-fullwidth non-hundred-percent-height-scrolling\" style=\"--awb-border-radius-top-left:0px;--awb-border-radius-top-right:0px;--awb-border-radius-bottom-right:0px;--awb-border-radius-bottom-left:0px;--awb-flex-wrap:wrap;\" ><div class=\"fusion-builder-row fusion-row fusion-flex-align-items-flex-start fusion-flex-content-wrap\" style=\"max-width:1159.6px;margin-left: calc(-4% \/ 2 );margin-right: calc(-4% \/ 2 );\"><div class=\"fusion-layout-column fusion_builder_column fusion-builder-column-1 fusion_builder_column_1_1 1_1 fusion-flex-column\" style=\"--awb-bg-size:cover;--awb-width-large:100%;--awb-margin-top-large:0px;--awb-spacing-right-large:1.92%;--awb-margin-bottom-large:20px;--awb-spacing-left-large:1.92%;--awb-width-medium:100%;--awb-order-medium:0;--awb-spacing-right-medium:1.92%;--awb-spacing-left-medium:1.92%;--awb-width-small:100%;--awb-order-small:0;--awb-spacing-right-small:1.92%;--awb-spacing-left-small:1.92%;\"><div class=\"fusion-column-wrapper fusion-column-has-shadow fusion-flex-justify-content-flex-start fusion-content-layout-column\"><div class=\"fusion-text fusion-text-1\"><p>Notre mission est :<\/p>\n<ul>\n<li>De capter les histoires et la culture des personnes qui ont produit des tapis\/articles hook\u00e9s pour augmenter le confort de leurs demeures historiquement au Nouveau-Brunswick et qui continuent d\u2019ajouter au tissus de la vie d\u2019aujourd\u2019hui.<\/li>\n<\/ul>\n<ul>\n<li>De mettre sur pied et d\u2019entretenir une base de donn\u00e9es pour documenter les tapis\/articles hook\u00e9s au Nouveau-Brunswick, de 25 ans et plus, avec des images et des r\u00e9cits historiques pour documenter les diverses influences qui ont touch\u00e9 leur cr\u00e9ation.<\/li>\n<\/ul>\n<ul>\n<li>De partager l\u2019histoire du hookage au Nouveau-Brunswick, ainsi que la base de donn\u00e9es, sur un site Web en partenariat avec le Mus\u00e9e du Nouveau-Brunswick.<\/li>\n<\/ul>\n<\/div><\/div><\/div><\/div><\/div><\/p>\n","protected":false},"excerpt":{"rendered":"","protected":false},"author":1,"featured_media":0,"parent":974,"menu_order":0,"comment_status":"closed","ping_status":"closed","template":"100-width.php","meta":{"_acf_changed":false,"footnotes":""},"class_list":["post-976","page","type-page","status-publish","hentry"],"acf":[],"_links":{"self":[{"href":"https:\/\/mats-tapisnb.com\/fr\/wp-json\/wp\/v2\/pages\/976","targetHints":{"allow":["GET"]}}],"collection":[{"href":"https:\/\/mats-tapisnb.com\/fr\/wp-json\/wp\/v2\/pages"}],"about":[{"href":"https:\/\/mats-tapisnb.com\/fr\/wp-json\/wp\/v2\/types\/page"}],"author":[{"embeddable":true,"href":"https:\/\/mats-tapisnb.com\/fr\/wp-json\/wp\/v2\/users\/1"}],"replies":[{"embeddable":true,"href":"https:\/\/mats-tapisnb.com\/fr\/wp-json\/wp\/v2\/comments?post=976"}],"version-history":[{"count":1,"href":"https:\/\/mats-tapisnb.com\/fr\/wp-json\/wp\/v2\/pages\/976\/revisions"}],"predecessor-version":[{"id":977,"href":"https:\/\/mats-tapisnb.com\/fr\/wp-json\/wp\/v2\/pages\/976\/revisions\/977"}],"up":[{"embeddable":true,"href":"https:\/\/mats-tapisnb.com\/fr\/wp-json\/wp\/v2\/pages\/974"}],"wp:attachment":[{"href":"https:\/\/mats-tapisnb.com\/fr\/wp-json\/wp\/v2\/media?parent=976"}],"curies":[{"name":"wp","href":"https:\/\/api.w.org\/{rel}","templated":true}]}}