{"id":962,"date":"2025-03-03T15:15:29","date_gmt":"2025-03-03T19:15:29","guid":{"rendered":"https:\/\/mats-tapisnb.com\/resources\/hooking-groups\/"},"modified":"2025-06-13T22:32:19","modified_gmt":"2025-06-14T01:32:19","slug":"hooking-groups","status":"publish","type":"page","link":"https:\/\/mats-tapisnb.com\/fr\/resources\/hooking-groups\/","title":{"rendered":"Groupes de hookage"},"content":{"rendered":"<p><div class=\"fusion-fullwidth fullwidth-box fusion-builder-row-1 fusion-flex-container has-pattern-background has-mask-background nonhundred-percent-fullwidth non-hundred-percent-height-scrolling\" style=\"--awb-border-radius-top-left:0px;--awb-border-radius-top-right:0px;--awb-border-radius-bottom-right:0px;--awb-border-radius-bottom-left:0px;--awb-flex-wrap:wrap;\" ><div class=\"fusion-builder-row fusion-row fusion-flex-align-items-flex-start fusion-flex-content-wrap\" style=\"max-width:1159.6px;margin-left: calc(-4% \/ 2 );margin-right: calc(-4% \/ 2 );\"><div class=\"fusion-layout-column fusion_builder_column fusion-builder-column-0 fusion_builder_column_1_1 1_1 fusion-flex-column\" style=\"--awb-bg-size:cover;--awb-width-large:100%;--awb-margin-top-large:0px;--awb-spacing-right-large:1.92%;--awb-margin-bottom-large:20px;--awb-spacing-left-large:1.92%;--awb-width-medium:100%;--awb-order-medium:0;--awb-spacing-right-medium:1.92%;--awb-spacing-left-medium:1.92%;--awb-width-small:100%;--awb-order-small:0;--awb-spacing-right-small:1.92%;--awb-spacing-left-small:1.92%;\"><div class=\"fusion-column-wrapper fusion-column-has-shadow fusion-flex-justify-content-flex-start fusion-content-layout-column\"><div class=\"fusion-title title fusion-title-1 fusion-sep-none fusion-title-text fusion-title-size-two\"><h2 class=\"fusion-title-heading title-heading-left\" style=\"margin:0;\">Groupes de hookage<\/h2><\/div><\/div><\/div><\/div><\/div><div class=\"fusion-fullwidth fullwidth-box fusion-builder-row-2 fusion-flex-container has-pattern-background has-mask-background nonhundred-percent-fullwidth non-hundred-percent-height-scrolling\" style=\"--awb-border-radius-top-left:0px;--awb-border-radius-top-right:0px;--awb-border-radius-bottom-right:0px;--awb-border-radius-bottom-left:0px;--awb-flex-wrap:wrap;\" ><div class=\"fusion-builder-row fusion-row fusion-flex-align-items-flex-start fusion-flex-content-wrap\" style=\"max-width:1159.6px;margin-left: calc(-4% \/ 2 );margin-right: calc(-4% \/ 2 );\"><div class=\"fusion-layout-column fusion_builder_column fusion-builder-column-1 fusion_builder_column_1_1 1_1 fusion-flex-column\" style=\"--awb-bg-size:cover;--awb-width-large:100%;--awb-margin-top-large:0px;--awb-spacing-right-large:1.92%;--awb-margin-bottom-large:20px;--awb-spacing-left-large:1.92%;--awb-width-medium:100%;--awb-order-medium:0;--awb-spacing-right-medium:1.92%;--awb-spacing-left-medium:1.92%;--awb-width-small:100%;--awb-order-small:0;--awb-spacing-right-small:1.92%;--awb-spacing-left-small:1.92%;\"><div class=\"fusion-column-wrapper fusion-column-has-shadow fusion-flex-justify-content-flex-start fusion-content-layout-column\"><div class=\"fusion-title title fusion-title-2 fusion-sep-none fusion-title-text fusion-title-size-three\"><h3 class=\"fusion-title-heading title-heading-left\" style=\"margin:0;\">Les groupes de hookage au Nouveau-Brunswick<\/h3><\/div><div class=\"fusion-text fusion-text-1\"><p>Quinze (15) groupes de hookage sont tr\u00e8s actifs dans la province. Les membres se rencontrent r\u00e9guli\u00e8rement pour partager des techniques, des outils, du mat\u00e9riel, etc. Ils participent \u00e0 des expositions dans diverses galeries d\u2019art et durant leurs rencontres appel\u00e9es Hook-ins qui sont toujours courues.<\/p>\n<p><strong>Madawaska et la r\u00e9gion du Nord-Ouest<\/strong><br \/>\nPlaster Rock Legacy Loopers (<a href=\"mailto:chaddad51@icloud.com\">chaddad51@icloud.com<\/a>)<\/p>\n<p><strong>Fredericton et la vall\u00e9e fluviale<\/strong><br \/>\nEvening Matters (<a href=\"mailto:kcmrugs@gmail.com\">kcmrugs@gmail.com<\/a>)<br \/>\nHeritage Rug Hooking Guild (<a href=\"mailto:crobert@nbnet.nb.ca\">crobert@nbnet.nb.ca<\/a>)<br \/>\nMcAdam Rug Hookers (<a href=\"mailto:ospreymaryhann@gmail.com\">ospreymaryhann@gmail.com<\/a>)<br \/>\nSussex Tea Room Hookers (<a href=\"mailto:wrodgers@bellaliant.net\">wrodgers@bellaliant.net<\/a>)<\/p>\n<p><strong>Le grand Moncton et la r\u00e9gion du Sud-Est<\/strong><br \/>\nHookeuses de Grande-Digue (<a href=\"mailto:marielle.poirier.mp@gmail.com\">marielle.poirier.mp@gmail.com<\/a>)<br \/>\nKent Hookers (<a href=\"mailto:clearmacmlm@gmail.com\">clearmacmlm@gmail.com<\/a>)<br \/>\nLes Hookeuses du Bor\u2019de\u2019lo (<a href=\"mailto:janicegoguen8668@gmail.com\">janicegoguen8668@gmail.com<\/a>)<br \/>\nLutz Mountain Heritage Hookers &amp; Fiber Artists (<a href=\"mailto:joyd@rogers.com\">joyd@rogers.com<\/a>)<br \/>\nPast Time Matters, Moncton (<a href=\"mailto:margie.whyte@gmail.com\">margie.whyte@gmail.com<\/a>)<br \/>\nRiverview Rug Hookers (<a href=\"mailto:ch.black@hotmail.com\">ch.black@hotmail.com<\/a>)<\/p>\n<p><strong>Saint John et la cote Fundy<\/strong><br \/>\nCarnegie Hookers (<a href=\"mailto:woolygardener@gmail.com\">woolygardener@gmail.com<\/a>)<br \/>\nKV Library Rug Hookers (<a href=\"mailto:neillp@nbnet.nb.ca\">neillp@nbnet.nb.ca<\/a>)<br \/>\nLighthouse Rug Hookers (<a href=\"mailto:anorman@nbnet.nb.ca\">anorman@nbnet.nb.ca<\/a>)<br \/>\nQuoddy Loopers (<a href=\"mailto:louise.mcgrattan@nbed.nb.ca\">louise.mcgrattan@nbed.nb.ca<\/a>)<\/p>\n<p><strong>\u201cHOOK-INS\u201d<\/strong> : rencontres sociales qui regroupent les adeptes du hookage, suivant une invitation lanc\u00e9e par un groupe. Les participants partagent un repas et d\u00e9couvrent les tapis cr\u00e9\u00e9s par leurs coll\u00e8gues.<\/p>\n<\/div><\/div><\/div><\/div><\/div><\/p>\n","protected":false},"excerpt":{"rendered":"","protected":false},"author":1,"featured_media":0,"parent":881,"menu_order":0,"comment_status":"closed","ping_status":"closed","template":"100-width.php","meta":{"_acf_changed":false,"footnotes":""},"class_list":["post-962","page","type-page","status-publish","hentry"],"acf":[],"_links":{"self":[{"href":"https:\/\/mats-tapisnb.com\/fr\/wp-json\/wp\/v2\/pages\/962","targetHints":{"allow":["GET"]}}],"collection":[{"href":"https:\/\/mats-tapisnb.com\/fr\/wp-json\/wp\/v2\/pages"}],"about":[{"href":"https:\/\/mats-tapisnb.com\/fr\/wp-json\/wp\/v2\/types\/page"}],"author":[{"embeddable":true,"href":"https:\/\/mats-tapisnb.com\/fr\/wp-json\/wp\/v2\/users\/1"}],"replies":[{"embeddable":true,"href":"https:\/\/mats-tapisnb.com\/fr\/wp-json\/wp\/v2\/comments?post=962"}],"version-history":[{"count":5,"href":"https:\/\/mats-tapisnb.com\/fr\/wp-json\/wp\/v2\/pages\/962\/revisions"}],"predecessor-version":[{"id":1474,"href":"https:\/\/mats-tapisnb.com\/fr\/wp-json\/wp\/v2\/pages\/962\/revisions\/1474"}],"up":[{"embeddable":true,"href":"https:\/\/mats-tapisnb.com\/fr\/wp-json\/wp\/v2\/pages\/881"}],"wp:attachment":[{"href":"https:\/\/mats-tapisnb.com\/fr\/wp-json\/wp\/v2\/media?parent=962"}],"curies":[{"name":"wp","href":"https:\/\/api.w.org\/{rel}","templated":true}]}}