{"id":1462,"date":"2025-06-13T21:39:13","date_gmt":"2025-06-14T00:39:13","guid":{"rendered":"https:\/\/mats-tapisnb.com\/featured-mats\/"},"modified":"2025-11-26T15:54:17","modified_gmt":"2025-11-26T19:54:17","slug":"tapis-vedette","status":"publish","type":"page","link":"https:\/\/mats-tapisnb.com\/fr\/tapis-vedette\/","title":{"rendered":"Tapis en vedette"},"content":{"rendered":"<div class=\"fusion-fullwidth fullwidth-box fusion-builder-row-1 fusion-flex-container has-pattern-background has-mask-background nonhundred-percent-fullwidth non-hundred-percent-height-scrolling\" style=\"--awb-border-radius-top-left:0px;--awb-border-radius-top-right:0px;--awb-border-radius-bottom-right:0px;--awb-border-radius-bottom-left:0px;--awb-flex-wrap:wrap;\" ><div class=\"fusion-builder-row fusion-row fusion-flex-align-items-flex-start fusion-flex-content-wrap\" style=\"max-width:1159.6px;margin-left: calc(-4% \/ 2 );margin-right: calc(-4% \/ 2 );\"><div class=\"fusion-layout-column fusion_builder_column fusion-builder-column-0 fusion_builder_column_1_1 1_1 fusion-flex-column\" style=\"--awb-bg-size:cover;--awb-width-large:100%;--awb-margin-top-large:0px;--awb-spacing-right-large:1.92%;--awb-margin-bottom-large:20px;--awb-spacing-left-large:1.92%;--awb-width-medium:100%;--awb-order-medium:0;--awb-spacing-right-medium:1.92%;--awb-spacing-left-medium:1.92%;--awb-width-small:100%;--awb-order-small:0;--awb-spacing-right-small:1.92%;--awb-spacing-left-small:1.92%;\"><div class=\"fusion-column-wrapper fusion-column-has-shadow fusion-flex-justify-content-flex-start fusion-content-layout-column\"><div class=\"fusion-text fusion-text-1\"><h2>Tapis en vedette<\/h2><div class=\"featured_mats_mat\"><div class=\"featured_mat_image\"><a href=\"https:\/\/mats-tapisnb.com\/fr\/mats\/NBMR201211\"><img decoding=\"async\" src=\"\/mat-images\/NBMR2012\/NBMR2012-1-1(1).jpg\"\/><\/a><\/div><div class=\"featured_mat_content\"><a href=\"https:\/\/mats-tapisnb.com\/fr\/mats\/NBMR201211\">NBMR2012.1.1 | tapis<\/a><br\/>Toujours populaire, le motif de l\u2019orignal se trouve dans de nombreux tapis n\u00e9o-brunswickois. Celui-ci peut avoir \u00e9t\u00e9 adapt\u00e9 d\u2019un patron commercial et il est remarquable pour son charme na\u00eff.<\/div><\/div><div class=\"featured_mats_mat\"><div class=\"featured_mat_image\"><a href=\"https:\/\/mats-tapisnb.com\/fr\/mats\/NBMR201031\"><img decoding=\"async\" src=\"\/mat-images\/NBMR2010\/NBMR2010-3-1(1).jpg\"\/><\/a><\/div><div class=\"featured_mat_content\"><a href=\"https:\/\/mats-tapisnb.com\/fr\/mats\/NBMR201031\">NBMR2010.3.1 | tapis<\/a><br\/>Ce tapis est fait de mat\u00e9riaux recycl\u00e9s coup\u00e9s \u00e0 la main et il arbore des roses, des tr\u00e8fles et des chardons\u2026 des symboles, peut-\u00eatre, d\u2019anc\u00eatres anglais, irlandais et \u00e9cossais refl\u00e9t\u00e9s dans un patron populaire de l\u2019entreprise Garrett\u2019s of Nova Scotia. Il est int\u00e9ressant de noter les couleurs changeantes de l\u2019arri\u00e8re-plan, l\u2019ajout de la date et l\u2019approche primitive dans le rendu d\u2019un patron commercial.<\/div><\/div><div class=\"featured_mats_mat\"><div class=\"featured_mat_image\"><a href=\"https:\/\/mats-tapisnb.com\/fr\/mats\/NBMR2013245\"><img decoding=\"async\" src=\"\/mat-images\/NBMR2013\/NBMR2013-24-5(1).jpg\"\/><\/a><\/div><div class=\"featured_mat_content\"><a href=\"https:\/\/mats-tapisnb.com\/fr\/mats\/NBMR2013245\">NBMR2013.24.5 | tapis<\/a><br\/>Ce tapis ambitieux et spectaculaire est un design original et inhabituel. Il est tout \u00e0 fait moderne pour son \u00e9poque. L\u2019illusion de mouvement cr\u00e9\u00e9 par le motif de feuille dans le panneau central est accentu\u00e9e par les motifs lin\u00e9aires statiques des bordures. Il ne reste que tr\u00e8s peu d\u2019informations sur son origine, mais il semble \u00eatre la cr\u00e9ation r\u00e9ussie d\u2019une \u00e9quipe mari et femme.<\/div><\/div><div class=\"featured_mats_mat\"><div class=\"featured_mat_image\"><a href=\"https:\/\/mats-tapisnb.com\/fr\/mats\/NBMR2011181\"><img decoding=\"async\" src=\"\/mat-images\/NBMR2011\/NBMR2011-18-1(1).jpg\"\/><\/a><\/div><div class=\"featured_mat_content\"><a href=\"https:\/\/mats-tapisnb.com\/fr\/mats\/NBMR2011181\">NBMR2011.18.1 | tapis<\/a><br\/>Un design \u00e9l\u00e9gant et un choix raffin\u00e9 de couleurs refl\u00e8tent la popularit\u00e9 de l\u2019Art nouveau au d\u00e9but du XXe si\u00e8cle. Fait de sous-v\u00eatements Stanfield\u2019s teints et coup\u00e9s \u00e0 la main.<\/div><\/div>\n<\/div><\/div><\/div><\/div><\/div>\n","protected":false},"excerpt":{"rendered":"","protected":false},"author":1,"featured_media":0,"parent":0,"menu_order":0,"comment_status":"closed","ping_status":"closed","template":"100-width.php","meta":{"_acf_changed":false,"footnotes":""},"class_list":["post-1462","page","type-page","status-publish","hentry"],"acf":[],"_links":{"self":[{"href":"https:\/\/mats-tapisnb.com\/fr\/wp-json\/wp\/v2\/pages\/1462","targetHints":{"allow":["GET"]}}],"collection":[{"href":"https:\/\/mats-tapisnb.com\/fr\/wp-json\/wp\/v2\/pages"}],"about":[{"href":"https:\/\/mats-tapisnb.com\/fr\/wp-json\/wp\/v2\/types\/page"}],"author":[{"embeddable":true,"href":"https:\/\/mats-tapisnb.com\/fr\/wp-json\/wp\/v2\/users\/1"}],"replies":[{"embeddable":true,"href":"https:\/\/mats-tapisnb.com\/fr\/wp-json\/wp\/v2\/comments?post=1462"}],"version-history":[{"count":2,"href":"https:\/\/mats-tapisnb.com\/fr\/wp-json\/wp\/v2\/pages\/1462\/revisions"}],"predecessor-version":[{"id":1527,"href":"https:\/\/mats-tapisnb.com\/fr\/wp-json\/wp\/v2\/pages\/1462\/revisions\/1527"}],"wp:attachment":[{"href":"https:\/\/mats-tapisnb.com\/fr\/wp-json\/wp\/v2\/media?parent=1462"}],"curies":[{"name":"wp","href":"https:\/\/api.w.org\/{rel}","templated":true}]}}