{"id":1385,"date":"2025-02-21T12:47:13","date_gmt":"2025-02-21T16:47:13","guid":{"rendered":"https:\/\/mats-tapisnb.com\/home\/"},"modified":"2025-06-13T21:43:46","modified_gmt":"2025-06-14T00:43:46","slug":"home","status":"publish","type":"page","link":"https:\/\/mats-tapisnb.com\/fr\/","title":{"rendered":"Accueil"},"content":{"rendered":"<p><div class=\"fusion-fullwidth fullwidth-box fusion-builder-row-1 fusion-flex-container has-pattern-background has-mask-background nonhundred-percent-fullwidth non-hundred-percent-height-scrolling\" style=\"--awb-border-radius-top-left:0px;--awb-border-radius-top-right:0px;--awb-border-radius-bottom-right:0px;--awb-border-radius-bottom-left:0px;--awb-padding-top:60px;--awb-flex-wrap:wrap;\" ><div class=\"fusion-builder-row fusion-row fusion-flex-align-items-flex-start fusion-flex-content-wrap\" style=\"max-width:1159.6px;margin-left: calc(-4% \/ 2 );margin-right: calc(-4% \/ 2 );\"><div class=\"fusion-layout-column fusion_builder_column fusion-builder-column-0 fusion_builder_column_1_4 1_4 fusion-flex-column\" style=\"--awb-bg-size:cover;--awb-width-large:25%;--awb-margin-top-large:0px;--awb-spacing-right-large:7.68%;--awb-margin-bottom-large:20px;--awb-spacing-left-large:7.68%;--awb-width-medium:25%;--awb-order-medium:0;--awb-spacing-right-medium:7.68%;--awb-spacing-left-medium:7.68%;--awb-width-small:100%;--awb-order-small:0;--awb-spacing-right-small:1.92%;--awb-spacing-left-small:1.92%;\"><div class=\"fusion-column-wrapper fusion-column-has-shadow fusion-flex-justify-content-flex-start fusion-content-layout-column\"><div class=\"fusion-title title fusion-title-1 fusion-sep-none fusion-title-text fusion-title-size-one\"><h1 class=\"fusion-title-heading title-heading-left\" style=\"margin:0;\">Bienvenue<\/h1><\/div><\/div><\/div><div class=\"fusion-layout-column fusion_builder_column fusion-builder-column-1 fusion_builder_column_3_4 3_4 fusion-flex-column\" style=\"--awb-bg-size:cover;--awb-width-large:75%;--awb-margin-top-large:0px;--awb-spacing-right-large:2.56%;--awb-margin-bottom-large:20px;--awb-spacing-left-large:2.56%;--awb-width-medium:75%;--awb-order-medium:0;--awb-spacing-right-medium:2.56%;--awb-spacing-left-medium:2.56%;--awb-width-small:100%;--awb-order-small:0;--awb-spacing-right-small:1.92%;--awb-spacing-left-small:1.92%;\"><div class=\"fusion-column-wrapper fusion-column-has-shadow fusion-flex-justify-content-flex-start fusion-content-layout-column\"><div class=\"fusion-text fusion-text-1\"><p>Le Registre des tapis du Nouveau-Brunswick \u2013 un groupe canadien de b\u00e9n\u00e9voles en partenariat avec le Mus\u00e9e du Nouveau-Brunswick \u2013 parcourt la province depuis 2005 pour documenter les tapis hook\u00e9s fabriqu\u00e9s il y a plus de vingt-cinq ans.<\/p>\n<p>Nous sommes ravis de lancer l\u2019exposition <strong><em>Des mains, du c\u0153ur et de l\u2019esprit \u2013 L&rsquo;art du tapis hook\u00e9 du Nouveau-Brunswick<\/em><\/strong>, o\u00f9 sont pr\u00e9sent\u00e9es les histoires des hookeurs et hookeuses de tapis et leurs cr\u00e9ations.<\/p>\n<p>Explorez les archives et les photographies dans notre base de donn\u00e9es consultable du Registre des tapis du Nouveau-Brunswick. D\u00e9couvrez des \u0153uvres dans les Tapis en vedette. Utilisez nos Ressources pour partager l&rsquo;histoire de cet art populaire et vivant. Les Nouvelles vous tiendront au courant de nos activit\u00e9s et, si vous poss\u00e9dez un tapis, vous pourrez l\u2019inscrire au Registre en personne. Consultez notre Blogue pour des discussions et des informations approfondies sur cet art populaire et vivant.<\/p>\n<p>Nous esp\u00e9rons que vous aurez autant de plaisir \u00e0 consulter notre site Web que nous en avons eu \u00e0 le cr\u00e9er ensemble!<\/p>\n<p>Le Comit\u00e9 de direction du Registre des tapis du Nouveau-Brunswick<\/p>\n<\/div><\/div><\/div><\/div><\/div><div class=\"fusion-fullwidth fullwidth-box fusion-builder-row-2 fusion-flex-container has-pattern-background has-mask-background nonhundred-percent-fullwidth non-hundred-percent-height-scrolling\" style=\"--awb-border-radius-top-left:0px;--awb-border-radius-top-right:0px;--awb-border-radius-bottom-right:0px;--awb-border-radius-bottom-left:0px;--awb-flex-wrap:wrap;\" ><div class=\"fusion-builder-row fusion-row fusion-flex-align-items-flex-start fusion-flex-content-wrap\" style=\"max-width:1159.6px;margin-left: calc(-4% \/ 2 );margin-right: calc(-4% \/ 2 );\"><div class=\"fusion-layout-column fusion_builder_column fusion-builder-column-2 fusion_builder_column_1_2 1_2 fusion-flex-column fusion-column-inner-bg-wrapper home_box\" style=\"--awb-inner-bg-image:url(&#039;https:\/\/mats-tapisnb.com\/wp-content\/uploads\/2025\/02\/img-featured.png&#039;);--awb-inner-bg-size:cover;--awb-width-large:50%;--awb-margin-top-large:0px;--awb-spacing-right-large:3.84%;--awb-margin-bottom-large:20px;--awb-spacing-left-large:3.84%;--awb-width-medium:50%;--awb-order-medium:0;--awb-spacing-right-medium:3.84%;--awb-spacing-left-medium:3.84%;--awb-width-small:100%;--awb-order-small:0;--awb-spacing-right-small:1.92%;--awb-spacing-left-small:1.92%;\" id=\"home_box_featured\" data-scroll-devices=\"small-visibility,medium-visibility,large-visibility\"><span class=\"fusion-column-inner-bg hover-type-none\"><a class=\"fusion-column-anchor\" href=\"https:\/\/mats-tapisnb.com\/fr\/featured-mats\/\"><span class=\"fusion-column-inner-bg-image\"><\/span><\/a><\/span><div class=\"fusion-column-wrapper fusion-column-has-shadow fusion-flex-justify-content-center fusion-content-layout-column fusion-column-has-bg-image\" data-bg-url=\"https:\/\/mats-tapisnb.com\/wp-content\/uploads\/2025\/02\/img-featured.png\"><div class=\"fusion-text fusion-text-2\"><p style=\"text-align: center;\">Tapis en vedette<\/p>\n<\/div><\/div><\/div><div class=\"fusion-layout-column fusion_builder_column fusion-builder-column-3 fusion_builder_column_1_2 1_2 fusion-flex-column fusion-column-inner-bg-wrapper home_box\" style=\"--awb-inner-bg-image:url(&#039;https:\/\/mats-tapisnb.com\/wp-content\/uploads\/2025\/02\/img-news.png&#039;);--awb-inner-bg-size:cover;--awb-width-large:50%;--awb-margin-top-large:0px;--awb-spacing-right-large:3.84%;--awb-margin-bottom-large:20px;--awb-spacing-left-large:3.84%;--awb-width-medium:50%;--awb-order-medium:0;--awb-spacing-right-medium:3.84%;--awb-spacing-left-medium:3.84%;--awb-width-small:100%;--awb-order-small:0;--awb-spacing-right-small:1.92%;--awb-spacing-left-small:1.92%;\" id=\"home_box_news\" data-scroll-devices=\"small-visibility,medium-visibility,large-visibility\"><span class=\"fusion-column-inner-bg hover-type-none\"><a class=\"fusion-column-anchor\" href=\"https:\/\/mats-tapisnb.com\/fr\/about-us\/media\/\"><span class=\"fusion-column-inner-bg-image\"><\/span><\/a><\/span><div class=\"fusion-column-wrapper fusion-column-has-shadow fusion-flex-justify-content-center fusion-content-layout-column fusion-column-has-bg-image\" data-bg-url=\"https:\/\/mats-tapisnb.com\/wp-content\/uploads\/2025\/02\/img-news.png\"><div class=\"fusion-text fusion-text-3\"><p style=\"text-align: center;\">Nouvelles<\/p>\n<\/div><\/div><\/div><div class=\"fusion-layout-column fusion_builder_column fusion-builder-column-4 fusion_builder_column_1_2 1_2 fusion-flex-column fusion-column-inner-bg-wrapper home_box\" style=\"--awb-inner-bg-image:url(&#039;https:\/\/mats-tapisnb.com\/wp-content\/uploads\/2025\/02\/img-blog.png&#039;);--awb-inner-bg-size:cover;--awb-width-large:50%;--awb-margin-top-large:0px;--awb-spacing-right-large:3.84%;--awb-margin-bottom-large:20px;--awb-spacing-left-large:3.84%;--awb-width-medium:50%;--awb-order-medium:0;--awb-spacing-right-medium:3.84%;--awb-spacing-left-medium:3.84%;--awb-width-small:100%;--awb-order-small:0;--awb-spacing-right-small:1.92%;--awb-spacing-left-small:1.92%;\" id=\"home_box_blog\" data-scroll-devices=\"small-visibility,medium-visibility,large-visibility\"><span class=\"fusion-column-inner-bg hover-type-none\"><a class=\"fusion-column-anchor\" href=\"https:\/\/mats-tapisnb.com\/fr\/blog\/\"><span class=\"fusion-column-inner-bg-image\"><\/span><\/a><\/span><div class=\"fusion-column-wrapper fusion-column-has-shadow fusion-flex-justify-content-center fusion-content-layout-column fusion-column-has-bg-image\" data-bg-url=\"https:\/\/mats-tapisnb.com\/wp-content\/uploads\/2025\/02\/img-blog.png\"><div class=\"fusion-text fusion-text-4\"><p style=\"text-align: center;\">Blogue<\/p>\n<\/div><\/div><\/div><div class=\"fusion-layout-column fusion_builder_column fusion-builder-column-5 fusion_builder_column_1_2 1_2 fusion-flex-column fusion-column-inner-bg-wrapper home_box\" style=\"--awb-inner-bg-image:url(&#039;https:\/\/mats-tapisnb.com\/wp-content\/uploads\/2025\/02\/img-ressources.png&#039;);--awb-inner-bg-size:cover;--awb-width-large:50%;--awb-margin-top-large:0px;--awb-spacing-right-large:3.84%;--awb-margin-bottom-large:20px;--awb-spacing-left-large:3.84%;--awb-width-medium:50%;--awb-order-medium:0;--awb-spacing-right-medium:3.84%;--awb-spacing-left-medium:3.84%;--awb-width-small:100%;--awb-order-small:0;--awb-spacing-right-small:1.92%;--awb-spacing-left-small:1.92%;\" id=\"home_box_resources\" data-scroll-devices=\"small-visibility,medium-visibility,large-visibility\"><span class=\"fusion-column-inner-bg hover-type-none\"><a class=\"fusion-column-anchor\" href=\"https:\/\/mats-tapisnb.com\/fr\/resources\/education-learning\/\"><span class=\"fusion-column-inner-bg-image\"><\/span><\/a><\/span><div class=\"fusion-column-wrapper fusion-column-has-shadow fusion-flex-justify-content-center fusion-content-layout-column fusion-column-has-bg-image\" data-bg-url=\"https:\/\/mats-tapisnb.com\/wp-content\/uploads\/2025\/02\/img-ressources.png\"><div class=\"fusion-text fusion-text-5\"><p style=\"text-align: center;\">Ressources<\/p>\n<\/div><\/div><\/div><\/div><\/div><div class=\"fusion-fullwidth fullwidth-box fusion-builder-row-3 fusion-flex-container has-pattern-background has-mask-background nonhundred-percent-fullwidth non-hundred-percent-height-scrolling\" style=\"--awb-border-radius-top-left:0px;--awb-border-radius-top-right:0px;--awb-border-radius-bottom-right:0px;--awb-border-radius-bottom-left:0px;--awb-padding-top:70px;--awb-margin-top:35px;--awb-background-color:#ffffff;--awb-flex-wrap:wrap;\" ><div class=\"fusion-builder-row fusion-row fusion-flex-align-items-flex-start fusion-flex-content-wrap\" style=\"max-width:1159.6px;margin-left: calc(-4% \/ 2 );margin-right: calc(-4% \/ 2 );\"><div class=\"fusion-layout-column fusion_builder_column fusion-builder-column-6 fusion_builder_column_2_5 2_5 fusion-flex-column\" style=\"--awb-padding-top:15px;--awb-bg-size:cover;--awb-width-large:40%;--awb-margin-top-large:0px;--awb-spacing-right-large:4.8%;--awb-margin-bottom-large:20px;--awb-spacing-left-large:4.8%;--awb-width-medium:40%;--awb-order-medium:0;--awb-spacing-right-medium:4.8%;--awb-spacing-left-medium:4.8%;--awb-width-small:100%;--awb-order-small:0;--awb-spacing-right-small:1.92%;--awb-spacing-left-small:1.92%;\" data-scroll-devices=\"small-visibility,medium-visibility,large-visibility\"><div class=\"fusion-column-wrapper fusion-column-has-shadow fusion-flex-justify-content-center fusion-content-layout-column\"><div class=\"fusion-title title fusion-title-2 fusion-sep-none fusion-title-text fusion-title-size-two\"><h2 class=\"fusion-title-heading title-heading-left\" style=\"margin:0;\"><span style=\"color: #9dab6a;\">Merci<\/span> <span style=\"color: #2e2e2e;\">\u00e0 nos commanditaires<\/span><\/h2><\/div><\/div><\/div><div class=\"fusion-layout-column fusion_builder_column fusion-builder-column-7 fusion_builder_column_3_5 3_5 fusion-flex-column\" style=\"--awb-bg-size:cover;--awb-width-large:60%;--awb-margin-top-large:0px;--awb-spacing-right-large:3.2%;--awb-margin-bottom-large:20px;--awb-spacing-left-large:3.2%;--awb-width-medium:60%;--awb-order-medium:0;--awb-spacing-right-medium:3.2%;--awb-spacing-left-medium:3.2%;--awb-width-small:100%;--awb-order-small:0;--awb-spacing-right-small:1.92%;--awb-spacing-left-small:1.92%;\" data-scroll-devices=\"small-visibility,medium-visibility,large-visibility\"><div class=\"fusion-column-wrapper fusion-column-has-shadow fusion-flex-justify-content-center fusion-content-layout-column\"><div class=\"fusion-image-carousel fusion-image-carousel-auto fusion-image-carousel-1 fusion-carousel-border\"><div class=\"awb-carousel awb-swiper awb-swiper-carousel awb-carousel--carousel awb-swiper-dots-position-bottom\" data-layout=\"carousel\" data-autoplay=\"no\" data-autoplayspeed=\"2500\" data-autoplaypause=\"no\" data-columns=\"3\" data-columnsmedium=\"1\" data-columnssmall=\"1\" data-itemmargin=\"13\" data-itemwidth=\"180\" data-touchscroll=\"no\" data-freemode=\"no\" data-imagesize=\"auto\" data-scrollitems=\"0\" data-centeredslides=\"no\" data-rotationangle=\"50\" data-depth=\"100\" data-speed=\"500\" data-shadow=\"no\" data-pagination=\"bullets\" style=\"--awb-columns:3;--awb-border-width:1px;--awb-border-color:#e9eaee;\"><div class=\"swiper-wrapper awb-image-carousel-wrapper fusion-flex-align-items-center\"><div class=\"swiper-slide\"><div class=\"fusion-carousel-item-wrapper\"><div class=\"fusion-image-wrapper hover-type-none\"><img decoding=\"async\" width=\"145\" height=\"81\" src=\"https:\/\/mats-tapisnb.com\/wp-content\/uploads\/2025\/02\/briggs-and-little-log-header-320-ret.png\" class=\"attachment-full size-full\" alt=\"Briggs &amp; Little Woolen Mills Ltd.\" \/><\/div><\/div><\/div><div class=\"swiper-slide\"><div class=\"fusion-carousel-item-wrapper\"><div class=\"fusion-image-wrapper hover-type-none\"><img decoding=\"async\" width=\"284\" height=\"179\" src=\"https:\/\/mats-tapisnb.com\/wp-content\/uploads\/2025\/06\/john-little-and-leah-little.png\" class=\"attachment-full size-full\" alt=\"John Little &amp; Leah Little\" srcset=\"https:\/\/mats-tapisnb.com\/wp-content\/uploads\/2025\/06\/john-little-and-leah-little-200x126.png 200w, https:\/\/mats-tapisnb.com\/wp-content\/uploads\/2025\/06\/john-little-and-leah-little.png 284w\" sizes=\"(min-width: 2200px) 100vw, (min-width: 784px) 363px, (min-width: 712px) 545px, (min-width: 640px) 712px, \" \/><\/div><\/div><\/div><div class=\"swiper-slide\"><div class=\"fusion-carousel-item-wrapper\"><div class=\"fusion-image-wrapper hover-type-none\"><img decoding=\"async\" width=\"2000\" height=\"843\" src=\"https:\/\/mats-tapisnb.com\/wp-content\/uploads\/2025\/05\/SHMF-logo.jpg\" class=\"attachment-full size-full\" alt=\"Sheila Hugh Mackay Foundation\" srcset=\"https:\/\/mats-tapisnb.com\/wp-content\/uploads\/2025\/05\/SHMF-logo-200x84.jpg 200w, https:\/\/mats-tapisnb.com\/wp-content\/uploads\/2025\/05\/SHMF-logo-400x169.jpg 400w, https:\/\/mats-tapisnb.com\/wp-content\/uploads\/2025\/05\/SHMF-logo-600x253.jpg 600w, https:\/\/mats-tapisnb.com\/wp-content\/uploads\/2025\/05\/SHMF-logo-800x337.jpg 800w, https:\/\/mats-tapisnb.com\/wp-content\/uploads\/2025\/05\/SHMF-logo-1200x506.jpg 1200w, https:\/\/mats-tapisnb.com\/wp-content\/uploads\/2025\/05\/SHMF-logo.jpg 2000w\" sizes=\"(min-width: 2200px) 100vw, (min-width: 784px) 363px, (min-width: 712px) 545px, (min-width: 640px) 712px, \" \/><\/div><\/div><\/div><div class=\"swiper-slide\"><div class=\"fusion-carousel-item-wrapper\"><div class=\"fusion-image-wrapper hover-type-none\"><img decoding=\"async\" width=\"376\" height=\"150\" src=\"https:\/\/mats-tapisnb.com\/wp-content\/uploads\/2025\/05\/NB-logos-design-06.png\" class=\"attachment-full size-full\" alt=\"Government of New Brunswick\" srcset=\"https:\/\/mats-tapisnb.com\/wp-content\/uploads\/2025\/05\/NB-logos-design-06-200x80.png 200w, https:\/\/mats-tapisnb.com\/wp-content\/uploads\/2025\/05\/NB-logos-design-06.png 376w\" sizes=\"(min-width: 2200px) 100vw, (min-width: 784px) 363px, (min-width: 712px) 545px, (min-width: 640px) 712px, \" \/><\/div><\/div><\/div><div class=\"swiper-slide\"><div class=\"fusion-carousel-item-wrapper\"><div class=\"fusion-image-wrapper hover-type-none\"><img decoding=\"async\" width=\"196\" height=\"55\" src=\"https:\/\/mats-tapisnb.com\/wp-content\/uploads\/2025\/05\/The-McCain-Foundation.jpg\" class=\"attachment-full size-full\" alt=\"The McCain Foundation\" \/><\/div><\/div><\/div><div class=\"swiper-slide\"><div class=\"fusion-carousel-item-wrapper\"><div class=\"fusion-image-wrapper hover-type-none\"><img decoding=\"async\" width=\"1771\" height=\"563\" src=\"https:\/\/mats-tapisnb.com\/wp-content\/uploads\/2025\/06\/Canada-logo.jpg\" class=\"attachment-full size-full\" alt=\"Government of Canada\" srcset=\"https:\/\/mats-tapisnb.com\/wp-content\/uploads\/2025\/06\/Canada-logo-200x64.jpg 200w, https:\/\/mats-tapisnb.com\/wp-content\/uploads\/2025\/06\/Canada-logo-400x127.jpg 400w, https:\/\/mats-tapisnb.com\/wp-content\/uploads\/2025\/06\/Canada-logo-600x191.jpg 600w, https:\/\/mats-tapisnb.com\/wp-content\/uploads\/2025\/06\/Canada-logo-800x254.jpg 800w, https:\/\/mats-tapisnb.com\/wp-content\/uploads\/2025\/06\/Canada-logo-1200x381.jpg 1200w, https:\/\/mats-tapisnb.com\/wp-content\/uploads\/2025\/06\/Canada-logo.jpg 1771w\" sizes=\"(min-width: 2200px) 100vw, (min-width: 784px) 363px, (min-width: 712px) 545px, (min-width: 640px) 712px, \" \/><\/div><\/div><\/div><\/div><div class=\"awb-swiper-button awb-swiper-button-prev\"><i class=\"awb-icon-angle-left\" aria-hidden=\"true\"><\/i><\/div><div class=\"awb-swiper-button awb-swiper-button-next\"><i class=\"awb-icon-angle-right\" aria-hidden=\"true\"><\/i><\/div><\/div><\/div><\/div><\/div><\/div><\/div><\/p>\n","protected":false},"excerpt":{"rendered":"","protected":false},"author":1,"featured_media":0,"parent":0,"menu_order":0,"comment_status":"closed","ping_status":"closed","template":"100-width.php","meta":{"_acf_changed":false,"footnotes":""},"class_list":["post-1385","page","type-page","status-publish","hentry"],"acf":[],"_links":{"self":[{"href":"https:\/\/mats-tapisnb.com\/fr\/wp-json\/wp\/v2\/pages\/1385","targetHints":{"allow":["GET"]}}],"collection":[{"href":"https:\/\/mats-tapisnb.com\/fr\/wp-json\/wp\/v2\/pages"}],"about":[{"href":"https:\/\/mats-tapisnb.com\/fr\/wp-json\/wp\/v2\/types\/page"}],"author":[{"embeddable":true,"href":"https:\/\/mats-tapisnb.com\/fr\/wp-json\/wp\/v2\/users\/1"}],"replies":[{"embeddable":true,"href":"https:\/\/mats-tapisnb.com\/fr\/wp-json\/wp\/v2\/comments?post=1385"}],"version-history":[{"count":6,"href":"https:\/\/mats-tapisnb.com\/fr\/wp-json\/wp\/v2\/pages\/1385\/revisions"}],"predecessor-version":[{"id":1465,"href":"https:\/\/mats-tapisnb.com\/fr\/wp-json\/wp\/v2\/pages\/1385\/revisions\/1465"}],"wp:attachment":[{"href":"https:\/\/mats-tapisnb.com\/fr\/wp-json\/wp\/v2\/media?parent=1385"}],"curies":[{"name":"wp","href":"https:\/\/api.w.org\/{rel}","templated":true}]}}