{"id":1023,"date":"2025-05-25T22:02:41","date_gmt":"2025-05-26T02:02:41","guid":{"rendered":"https:\/\/mats-tapisnb.com\/blog\/"},"modified":"2025-06-07T00:34:39","modified_gmt":"2025-06-07T04:34:39","slug":"blog","status":"publish","type":"page","link":"https:\/\/mats-tapisnb.com\/fr\/blog\/","title":{"rendered":"Blogue"},"content":{"rendered":"<p><div class=\"fusion-fullwidth fullwidth-box fusion-builder-row-1 fusion-flex-container has-pattern-background has-mask-background nonhundred-percent-fullwidth non-hundred-percent-height-scrolling\" style=\"--awb-border-radius-top-left:0px;--awb-border-radius-top-right:0px;--awb-border-radius-bottom-right:0px;--awb-border-radius-bottom-left:0px;--awb-flex-wrap:wrap;\" ><div class=\"fusion-builder-row fusion-row fusion-flex-align-items-flex-start fusion-flex-content-wrap\" style=\"max-width:1159.6px;margin-left: calc(-4% \/ 2 );margin-right: calc(-4% \/ 2 );\"><div class=\"fusion-layout-column fusion_builder_column fusion-builder-column-0 fusion_builder_column_1_1 1_1 fusion-flex-column\" style=\"--awb-bg-size:cover;--awb-width-large:100%;--awb-margin-top-large:0px;--awb-spacing-right-large:1.92%;--awb-margin-bottom-large:20px;--awb-spacing-left-large:1.92%;--awb-width-medium:100%;--awb-order-medium:0;--awb-spacing-right-medium:1.92%;--awb-spacing-left-medium:1.92%;--awb-width-small:100%;--awb-order-small:0;--awb-spacing-right-small:1.92%;--awb-spacing-left-small:1.92%;\"><div class=\"fusion-column-wrapper fusion-column-has-shadow fusion-flex-justify-content-flex-start fusion-content-layout-column\"><div class=\"fusion-title title fusion-title-1 fusion-sep-none fusion-title-text fusion-title-size-two\"><h2 class=\"fusion-title-heading title-heading-left\" style=\"margin:0;\">Blogue<\/h2><\/div><\/div><\/div><\/div><\/div><div class=\"fusion-fullwidth fullwidth-box fusion-builder-row-2 fusion-flex-container has-pattern-background has-mask-background nonhundred-percent-fullwidth non-hundred-percent-height-scrolling\" style=\"--awb-border-radius-top-left:0px;--awb-border-radius-top-right:0px;--awb-border-radius-bottom-right:0px;--awb-border-radius-bottom-left:0px;--awb-flex-wrap:wrap;\" ><div class=\"fusion-builder-row fusion-row fusion-flex-align-items-flex-start fusion-flex-content-wrap\" style=\"max-width:1159.6px;margin-left: calc(-4% \/ 2 );margin-right: calc(-4% \/ 2 );\"><div class=\"fusion-layout-column fusion_builder_column fusion-builder-column-1 fusion_builder_column_1_1 1_1 fusion-flex-column\" style=\"--awb-bg-size:cover;--awb-width-large:100%;--awb-margin-top-large:0px;--awb-spacing-right-large:1.92%;--awb-margin-bottom-large:20px;--awb-spacing-left-large:1.92%;--awb-width-medium:100%;--awb-order-medium:0;--awb-spacing-right-medium:1.92%;--awb-spacing-left-medium:1.92%;--awb-width-small:100%;--awb-order-small:0;--awb-spacing-right-small:1.92%;--awb-spacing-left-small:1.92%;\"><div class=\"fusion-column-wrapper fusion-column-has-shadow fusion-flex-justify-content-flex-start fusion-content-layout-column\"><div class=\"fusion-blog-shortcode fusion-blog-shortcode-1 fusion-blog-archive fusion-blog-layout-medium fusion-blog-pagination\" style=\"--awb-title-font-size:22px;--awb-title-line-height:1.2;--awb-title-font-family:&quot;Montserrat&quot;;--awb-title-font-style:normal;--awb-title-font-weight:800;\"><div class=\"fusion-posts-container fusion-posts-container-pagination fusion-blog-rollover\" data-pages=\"1\"><article id=\"blog-1-post-1596\" class=\"fusion-post-medium post-1596 post type-post status-publish format-standard hentry category-blog-fr\">\n\t<style type=\"text\/css\">\n\t\t\n\t\t\n\t\t\n\t\t\n\t\t\t<\/style>\n\n\n<div class=\"fusion-post-content post-content\"><h3 class=\"blog-shortcode-post-title entry-title\"><a href=\"https:\/\/mats-tapisnb.com\/fr\/lart-du-tapis-hooke-du-nouveau-brunswick\/\">L\u2019ART DU TAPIS HOOK\u00c9 DU NOUVEAU-BRUNSWICK<\/a><\/h3><div class=\"fusion-post-content-container\"><p> From the very beginning, the New Brunswick Mat Registry (NBMR) has benefitted from the generosity of three distinguished individuals who served as Chairpersons of our organization. They are the late Honorable Viola L\u00e9ger who left us in 2023, Ms. Susan Vida Judah and Honorable Herm\u00e9n\u00e9gilde Chiasson. We are deeply grateful for their continuous support of the NBMR mission and for having recognized this mode of creation as a valuable part of the province\u2019s heritage. During the launch ceremony of the Website Hands, Heart and Mind \u2013 The Art of Hooked Mats in New Brunswick held on June 14, 2025, in Moncton, Mr. Chiasson spoke to the many guests present. He emphasized the importance of popular and collective history as represented in the collection of hooked mats in New Brunswick documented by the NBMR as well as the magnificent work of the people and organizations involved in this initiative. Enclosed [...]<\/p><\/div><\/div><div class=\"fusion-clearfix\"><\/div><div class=\"fusion-meta-info\"><div class=\"fusion-alignleft\"><span class=\"vcard\" style=\"display: none;\"><span class=\"fn\"><a href=\"https:\/\/mats-tapisnb.com\/fr\/author\/matregadm\/\" title=\"Articles par matregadm\" rel=\"author\">matregadm<\/a><\/span><\/span><span class=\"updated\" style=\"display:none;\">2026-03-10T08:26:50-03:00<\/span><span>f\u00e9vrier 25, 2026<\/span><span class=\"fusion-inline-sep\">|<\/span><\/div><div class=\"fusion-alignright\"><a class=\"fusion-read-more\" href=\"https:\/\/mats-tapisnb.com\/fr\/lart-du-tapis-hooke-du-nouveau-brunswick\/\" aria-label=\"More on L\u2019ART DU TAPIS HOOK\u00c9 DU NOUVEAU-BRUNSWICK\">Read More<\/a><\/div><\/div><\/article>\n<article id=\"blog-1-post-1392\" class=\"fusion-post-medium post-1392 post type-post status-publish format-standard hentry category-blog-fr\">\n\t<style type=\"text\/css\">\n\t\t\n\t\t\n\t\t\n\t\t\n\t\t\t<\/style>\n\n\n<div class=\"fusion-post-content post-content\"><h3 class=\"blog-shortcode-post-title entry-title\"><a href=\"https:\/\/mats-tapisnb.com\/fr\/hands-heart-and-mind-the-art-of-hooked-mats-in-new-brunswick\/\">Hands, Heart and Mind\u2014The Art of Hooked Mats in New Brunswick<\/a><\/h3><div class=\"fusion-post-content-container\"><p> It is truly an honour to be invited to write the inaugural blog on the website of the New Brunswick Mat Registry to coincide with the launch, on June 14, 2025, of its virtual exhibition, Hands, Heart and Mind\u2014The Art of Hooked Mats in New Brunswick. It features over 600 mats, 25 years old and older, dating back to the 1800s, which were documented at 28 registration events held in 14 communities across the province. In 2010, when I was writing a weekly Art Talk column for the Moncton Times &amp; Transcript, Judy Morison, Dorchester, the registry\u2019s co-chair inquired if I would be interested in covering their second registration day event so I could see how the process worked. I had a moment of hesitation. My mandate was to review exhibitions at local art galleries, which did include contemporary hooked rugs, but registering historical hooked mats to develop a [...]<\/p><\/div><\/div><div class=\"fusion-clearfix\"><\/div><div class=\"fusion-meta-info\"><div class=\"fusion-alignleft\"><span class=\"vcard\" style=\"display: none;\"><span class=\"fn\"><a href=\"https:\/\/mats-tapisnb.com\/fr\/author\/matregadm\/\" title=\"Articles par matregadm\" rel=\"author\">matregadm<\/a><\/span><\/span><span class=\"updated\" style=\"display:none;\">2025-06-05T21:44:29-03:00<\/span><span>juin 5, 2025<\/span><span class=\"fusion-inline-sep\">|<\/span><\/div><div class=\"fusion-alignright\"><a class=\"fusion-read-more\" href=\"https:\/\/mats-tapisnb.com\/fr\/hands-heart-and-mind-the-art-of-hooked-mats-in-new-brunswick\/\" aria-label=\"More on Hands, Heart and Mind\u2014The Art of Hooked Mats in New Brunswick\">Read More<\/a><\/div><\/div><\/article>\n<\/div><\/div><\/div><\/div><\/div><\/div><\/p>\n","protected":false},"excerpt":{"rendered":"","protected":false},"author":1,"featured_media":0,"parent":0,"menu_order":0,"comment_status":"closed","ping_status":"closed","template":"100-width.php","meta":{"_acf_changed":false,"footnotes":""},"class_list":["post-1023","page","type-page","status-publish","hentry"],"acf":[],"_links":{"self":[{"href":"https:\/\/mats-tapisnb.com\/fr\/wp-json\/wp\/v2\/pages\/1023","targetHints":{"allow":["GET"]}}],"collection":[{"href":"https:\/\/mats-tapisnb.com\/fr\/wp-json\/wp\/v2\/pages"}],"about":[{"href":"https:\/\/mats-tapisnb.com\/fr\/wp-json\/wp\/v2\/types\/page"}],"author":[{"embeddable":true,"href":"https:\/\/mats-tapisnb.com\/fr\/wp-json\/wp\/v2\/users\/1"}],"replies":[{"embeddable":true,"href":"https:\/\/mats-tapisnb.com\/fr\/wp-json\/wp\/v2\/comments?post=1023"}],"version-history":[{"count":1,"href":"https:\/\/mats-tapisnb.com\/fr\/wp-json\/wp\/v2\/pages\/1023\/revisions"}],"predecessor-version":[{"id":1024,"href":"https:\/\/mats-tapisnb.com\/fr\/wp-json\/wp\/v2\/pages\/1023\/revisions\/1024"}],"wp:attachment":[{"href":"https:\/\/mats-tapisnb.com\/fr\/wp-json\/wp\/v2\/media?parent=1023"}],"curies":[{"name":"wp","href":"https:\/\/api.w.org\/{rel}","templated":true}]}}