{"id":1013,"date":"2025-03-03T15:18:05","date_gmt":"2025-03-03T20:18:05","guid":{"rendered":"https:\/\/mats-tapisnb.com\/about-us\/media\/"},"modified":"2025-06-10T22:33:27","modified_gmt":"2025-06-11T02:33:27","slug":"media","status":"publish","type":"page","link":"https:\/\/mats-tapisnb.com\/fr\/about-us\/media\/","title":{"rendered":"M\u00e9dias"},"content":{"rendered":"<p><div class=\"fusion-fullwidth fullwidth-box fusion-builder-row-1 fusion-flex-container has-pattern-background has-mask-background nonhundred-percent-fullwidth non-hundred-percent-height-scrolling\" style=\"--awb-border-radius-top-left:0px;--awb-border-radius-top-right:0px;--awb-border-radius-bottom-right:0px;--awb-border-radius-bottom-left:0px;--awb-flex-wrap:wrap;\" ><div class=\"fusion-builder-row fusion-row fusion-flex-align-items-flex-start fusion-flex-content-wrap\" style=\"max-width:1159.6px;margin-left: calc(-4% \/ 2 );margin-right: calc(-4% \/ 2 );\"><div class=\"fusion-layout-column fusion_builder_column fusion-builder-column-0 fusion_builder_column_1_1 1_1 fusion-flex-column\" style=\"--awb-bg-size:cover;--awb-width-large:100%;--awb-margin-top-large:0px;--awb-spacing-right-large:1.92%;--awb-margin-bottom-large:20px;--awb-spacing-left-large:1.92%;--awb-width-medium:100%;--awb-order-medium:0;--awb-spacing-right-medium:1.92%;--awb-spacing-left-medium:1.92%;--awb-width-small:100%;--awb-order-small:0;--awb-spacing-right-small:1.92%;--awb-spacing-left-small:1.92%;\"><div class=\"fusion-column-wrapper fusion-column-has-shadow fusion-flex-justify-content-flex-start fusion-content-layout-column\"><div class=\"fusion-title title fusion-title-1 fusion-sep-none fusion-title-text fusion-title-size-two\"><h2 class=\"fusion-title-heading title-heading-left\" style=\"margin:0;\">M\u00e9dias<\/h2><\/div><\/div><\/div><\/div><\/div><div class=\"fusion-fullwidth fullwidth-box fusion-builder-row-2 fusion-flex-container has-pattern-background has-mask-background nonhundred-percent-fullwidth non-hundred-percent-height-scrolling\" style=\"--awb-border-radius-top-left:0px;--awb-border-radius-top-right:0px;--awb-border-radius-bottom-right:0px;--awb-border-radius-bottom-left:0px;--awb-flex-wrap:wrap;\" ><div class=\"fusion-builder-row fusion-row fusion-flex-align-items-flex-start fusion-flex-content-wrap\" style=\"max-width:1159.6px;margin-left: calc(-4% \/ 2 );margin-right: calc(-4% \/ 2 );\"><div class=\"fusion-layout-column fusion_builder_column fusion-builder-column-1 fusion_builder_column_1_1 1_1 fusion-flex-column\" style=\"--awb-bg-size:cover;--awb-width-large:100%;--awb-margin-top-large:0px;--awb-spacing-right-large:1.92%;--awb-margin-bottom-large:20px;--awb-spacing-left-large:1.92%;--awb-width-medium:100%;--awb-order-medium:0;--awb-spacing-right-medium:1.92%;--awb-spacing-left-medium:1.92%;--awb-width-small:100%;--awb-order-small:0;--awb-spacing-right-small:1.92%;--awb-spacing-left-small:1.92%;\"><div class=\"fusion-column-wrapper fusion-column-has-shadow fusion-flex-justify-content-flex-start fusion-content-layout-column\"><div class=\"fusion-text fusion-text-1\"><p><strong>Un diptyque cr\u00e9\u00e9 par des groupes de hookage de tapis du N.-B. est ajout\u00e9 \u00e0 la collection permanente du mus\u00e9e<\/strong><\/p>\n<p><a href=\"https:\/\/mats-tapisnb.com\/wp-content\/uploads\/2025\/06\/NBMR-Group-with-tiptych-1-scaled.jpg\"><img decoding=\"async\" class=\"alignright wp-image-1027\" src=\"https:\/\/mats-tapisnb.com\/wp-content\/uploads\/2025\/06\/NBMR-Group-with-tiptych-1-scaled.jpg\" alt=\"\" width=\"550\" height=\"358\" srcset=\"https:\/\/mats-tapisnb.com\/wp-content\/uploads\/2025\/06\/NBMR-Group-with-tiptych-1-200x130.jpg 200w, https:\/\/mats-tapisnb.com\/wp-content\/uploads\/2025\/06\/NBMR-Group-with-tiptych-1-300x195.jpg 300w, https:\/\/mats-tapisnb.com\/wp-content\/uploads\/2025\/06\/NBMR-Group-with-tiptych-1-400x260.jpg 400w, https:\/\/mats-tapisnb.com\/wp-content\/uploads\/2025\/06\/NBMR-Group-with-tiptych-1-600x390.jpg 600w, https:\/\/mats-tapisnb.com\/wp-content\/uploads\/2025\/06\/NBMR-Group-with-tiptych-1-768x499.jpg 768w, https:\/\/mats-tapisnb.com\/wp-content\/uploads\/2025\/06\/NBMR-Group-with-tiptych-1-800x520.jpg 800w, https:\/\/mats-tapisnb.com\/wp-content\/uploads\/2025\/06\/NBMR-Group-with-tiptych-1-1024x666.jpg 1024w, https:\/\/mats-tapisnb.com\/wp-content\/uploads\/2025\/06\/NBMR-Group-with-tiptych-1-1200x780.jpg 1200w, https:\/\/mats-tapisnb.com\/wp-content\/uploads\/2025\/06\/NBMR-Group-with-tiptych-1-1536x999.jpg 1536w, https:\/\/mats-tapisnb.com\/wp-content\/uploads\/2025\/06\/NBMR-Group-with-tiptych-1-scaled.jpg 2560w\" sizes=\"(max-width: 550px) 100vw, 550px\" \/><\/a>Deux groupes n\u00e9o-brunswickois de \u00ab mat hooking \u00bb ont cr\u00e9\u00e9 un diptyque qui a \u00e9t\u00e9 ajout\u00e9 \u00e0 la collection permanente du Mus\u00e9e du Nouveau-Brunswick (MNB). En voici l\u2019histoire\u2026<\/p>\n<p>En 2008, un groupe de b\u00e9n\u00e9voles, en collaboration avec le MNB, a mis sur pied Le Registre des tapis du Nouveau-Brunswick (RMNB), un groupe de travail bilingue \u00e0 l\u2019\u00e9chelle de la province, afin de documenter toutes les nattes crochet\u00e9es de la province \u00e2g\u00e9es de 25 ans et plus.<\/p>\n<p>Apr\u00e8s 20 journ\u00e9es compl\u00e8tes d\u2019enregistrement dans neuf communaut\u00e9s sur une p\u00e9riode de dix ans, plus de 600 tapis ont \u00e9t\u00e9 document\u00e9s !<\/p>\n<p>Pour rendre cette \u0153uvre accessible, la RMNB s\u2019est donn\u00e9 pour mission de d\u00e9velopper un site web virtuel de qualit\u00e9 mus\u00e9ale. En partenariat avec le MNB, une campagne a \u00e9t\u00e9 lanc\u00e9e pour recueillir 70 000 $, et une offre a \u00e9t\u00e9 faite pour pr\u00e9senter un tapis accroch\u00e9 aux donateurs faisant une contribution importante.<\/p>\n<p>En 2020, la Fondation Sheila Hugh MacKay a accord\u00e9 une subvention de prestige, mais plut\u00f4t que d\u2019accepter un tapis original, elle a sugg\u00e9r\u00e9 qu\u2019un tapis soit fabriqu\u00e9 pour la collection permanente du MNB.<\/p>\n<p>Les \u00ab Carnegie Rug Hookers \u00bb de Saint John et Les Hookeuses du Bor\u2019de\u2019lo de Moncton-Shediac ont \u00e9t\u00e9 charg\u00e9s de sa cr\u00e9ation. Sous la forme d\u2019un diptyque, le panneau de gauche (Adagio) illustre l\u2019histoire de la tradition du crochetage de tapis dans la province, tandis que le panneau de droite (Allegro) l\u2019\u00e9quilibre avec une cr\u00e9ation contemporaine tourn\u00e9e vers l\u2019avenir.<\/p>\n<p>Lorsque le diptyque a finalement \u00e9t\u00e9 d\u00e9voil\u00e9 par les cr\u00e9ateurs, les membres du RMNB et les responsables du mus\u00e9e devant un public de plus d\u2019une centaine de crocheteurs de nattes, il y a eu des r\u00e9actions avec des Ooohs et Aaahhhs admiratifs.<\/p>\n<p><a href=\"https:\/\/www.nbm-mnb.ca\/wp-content\/uploads\/2024\/06\/Adagio-and-Allegro.pdf\" target=\"_blank\" rel=\"noopener\">Ici, pour lire l\u2019article au complet du \u00ab Rug Hooking magazine, Jan\/Feb 2024 \u00bb \u2013 en anglais seulement.<\/a><\/p>\n<\/div><div class=\"fusion-separator fusion-full-width-sep\" style=\"align-self: center;margin-left: auto;margin-right: auto;margin-top:40px;margin-bottom:40px;width:100%;\"><div class=\"fusion-separator-border sep-single sep-solid\" style=\"--awb-height:20px;--awb-amount:20px;border-color:var(--awb-color3);border-top-width:1px;\"><\/div><\/div><\/div><\/div><div class=\"fusion-layout-column fusion_builder_column fusion-builder-column-2 fusion_builder_column_1_1 1_1 fusion-flex-column\" style=\"--awb-bg-size:cover;--awb-width-large:100%;--awb-margin-top-large:0px;--awb-spacing-right-large:1.92%;--awb-margin-bottom-large:20px;--awb-spacing-left-large:1.92%;--awb-width-medium:100%;--awb-order-medium:0;--awb-spacing-right-medium:1.92%;--awb-spacing-left-medium:1.92%;--awb-width-small:100%;--awb-order-small:0;--awb-spacing-right-small:1.92%;--awb-spacing-left-small:1.92%;\"><div class=\"fusion-column-wrapper fusion-column-has-shadow fusion-flex-justify-content-flex-start fusion-content-layout-column\"><div class=\"fusion-text fusion-text-2\"><p align=\"justify\"><a href=\"https:\/\/mats-tapisnb.com\/wp-content\/uploads\/2025\/05\/media-the-loop-magazine-volume-37-fall-2016.pdf\" target=\"_blank\" rel=\"noopener\">The Loop RHGNS Magazine &#8211; Sharing Our New Brunswick Mat Hooking Heritage<\/a>, Volume 37, Fall 2016<\/p>\n<p align=\"justify\"><a href=\"https:\/\/mats-tapisnb.com\/wp-content\/uploads\/2025\/05\/media-the-loop-magazine-volume-38-winter-2016.jpg.pdf\" target=\"_blank\" rel=\"noopener\">The Loop RHGNS Magazine &#8211; New Brunswick Mat Registry Update<\/a>, Volume 38, Winter 2016<\/p>\n<p align=\"justify\"><a href=\"https:\/\/mats-tapisnb.com\/wp-content\/uploads\/2025\/05\/media-salon-a-story-in-the-fabric.pdf\" target=\"_blank\" rel=\"noopener\">Salon &#8211; A Story in the Fabric<\/a><\/p>\n<p align=\"justify\"><a href=\"https:\/\/mats-tapisnb.com\/wp-content\/uploads\/2025\/05\/media-telegraph-journal-december-16-2016.pdf\" target=\"_blank\" rel=\"noopener\">Telegraph Journal &#8211; Weekend reading: Group on hunt for history held in hooked mats<\/a>, 16 December 2016<\/p>\n<p align=\"justify\"><a href=\"https:\/\/mats-tapisnb.com\/wp-content\/uploads\/2025\/05\/media-times-and-transcript-december-31-2016.pdf\" target=\"_blank\" rel=\"noopener\">Times &amp; Transcript &#8211; The Art of Documentation: The New Brunswick Mat Registry<\/a>, 31 December 2016<\/p>\n<p class=\"style5\" align=\"justify\"><a href=\"https:\/\/mats-tapisnb.com\/wp-content\/uploads\/2025\/05\/07112018-EN.pdf\" target=\"_blank\" rel=\"noopener\">NBMR Press Release<\/a>, 7 November 2018<\/p>\n<p class=\"style5\" align=\"justify\"><a href=\"https:\/\/www.acadienouvelle.com\/arts-et-spectacles\/2018\/03\/28\/projet-de-musee-virtuel-consacre-aux-tapis-hookes\/\" target=\"_blank\" rel=\"noopener\">Acadie Nouvelle<\/a>, 28 March 2018 (en fran\u00e7ais)<\/p>\n<p class=\"style5\" align=\"justify\"><a href=\"https:\/\/mats-tapisnb.com\/wp-content\/uploads\/2025\/05\/000785e4.wav\" target=\"_blank\" rel=\"noopener\">CBC Radio<\/a>\u00a0(.wav, 14mb)<\/p>\n<p class=\"style5\" align=\"justify\"><a href=\"https:\/\/mats-tapisnb.com\/wp-content\/uploads\/2025\/05\/LEtoile102010-scaled.jpg\" target=\"_blank\" rel=\"noopener\">L&rsquo;\u00c9toile Dieppe<\/a>, 21 October 2010 (en fran\u00e7ais)<\/p>\n<p class=\"style5\" align=\"justify\"><a href=\"https:\/\/mats-tapisnb.com\/wp-content\/uploads\/2025\/05\/Pressreleaseregistrar2010.pdf\" target=\"_blank\" rel=\"noopener\">30 September 2010<\/a>\u00a0(<em>Creation of a New Brunswick Mat Registry to document hooked mats of more than 25 years<\/em>)<\/p>\n<\/div><\/div><\/div><\/div><\/div><\/p>\n","protected":false},"excerpt":{"rendered":"","protected":false},"author":1,"featured_media":0,"parent":974,"menu_order":0,"comment_status":"closed","ping_status":"closed","template":"100-width.php","meta":{"_acf_changed":false,"footnotes":""},"class_list":["post-1013","page","type-page","status-publish","hentry"],"acf":[],"_links":{"self":[{"href":"https:\/\/mats-tapisnb.com\/fr\/wp-json\/wp\/v2\/pages\/1013","targetHints":{"allow":["GET"]}}],"collection":[{"href":"https:\/\/mats-tapisnb.com\/fr\/wp-json\/wp\/v2\/pages"}],"about":[{"href":"https:\/\/mats-tapisnb.com\/fr\/wp-json\/wp\/v2\/types\/page"}],"author":[{"embeddable":true,"href":"https:\/\/mats-tapisnb.com\/fr\/wp-json\/wp\/v2\/users\/1"}],"replies":[{"embeddable":true,"href":"https:\/\/mats-tapisnb.com\/fr\/wp-json\/wp\/v2\/comments?post=1013"}],"version-history":[{"count":2,"href":"https:\/\/mats-tapisnb.com\/fr\/wp-json\/wp\/v2\/pages\/1013\/revisions"}],"predecessor-version":[{"id":1165,"href":"https:\/\/mats-tapisnb.com\/fr\/wp-json\/wp\/v2\/pages\/1013\/revisions\/1165"}],"up":[{"embeddable":true,"href":"https:\/\/mats-tapisnb.com\/fr\/wp-json\/wp\/v2\/pages\/974"}],"wp:attachment":[{"href":"https:\/\/mats-tapisnb.com\/fr\/wp-json\/wp\/v2\/media?parent=1013"}],"curies":[{"name":"wp","href":"https:\/\/api.w.org\/{rel}","templated":true}]}}